{"id":18,"date":"2022-07-11T11:04:36","date_gmt":"2022-07-11T09:04:36","guid":{"rendered":"http:\/\/wp.bpsoundcity.de\/?page_id=18"},"modified":"2026-03-01T17:43:50","modified_gmt":"2026-03-01T16:43:50","slug":"programm","status":"publish","type":"page","link":"http:\/\/bpsoundcity.de\/?page_id=18","title":{"rendered":"Programm"},"content":{"rendered":"\n<div style=\"height:30px\" aria-hidden=\"true\" class=\"wp-block-spacer\"><\/div>\n\n\n\n<p><strong>SOLARIS<\/strong><br>J\u00e4gerlatein \/\/ 21-01 Uhr \/\/ Kirchstra\u00dfe 22<\/p>\n\n\n<div class=\"wp-block-image\">\n<figure class=\"alignleft size-full is-resized\"><img loading=\"lazy\" decoding=\"async\" width=\"1024\" height=\"545\" src=\"http:\/\/bpsoundcity.de\/wp-content\/uploads\/2024\/03\/Solaris-1024px.jpg\" alt=\"\" class=\"wp-image-133\" style=\"aspect-ratio:16\/9;object-fit:cover;width:375px\" srcset=\"http:\/\/bpsoundcity.de\/wp-content\/uploads\/2024\/03\/Solaris-1024px.jpg 1024w, http:\/\/bpsoundcity.de\/wp-content\/uploads\/2024\/03\/Solaris-1024px-300x160.jpg 300w, http:\/\/bpsoundcity.de\/wp-content\/uploads\/2024\/03\/Solaris-1024px-768x409.jpg 768w\" sizes=\"auto, (max-width: 1024px) 100vw, 1024px\" \/><\/figure>\n<\/div>\n\n\n<p>SOLARIS l\u00e4sst die Sonne im Herzen all jener aufgehen, die sich f\u00fcr klassischen handgemachten Coverrock der letzten vier Jahrzehnte begeistern k\u00f6nnen. Die f\u00fcnfk\u00f6pfige Formation begeistert mit einem abwechslungsreichen Repertoire, mehrstimmigen Gesang und mitrei\u00dfendem Sound.<\/p>\n\n\n\n<div style=\"height:25px\" aria-hidden=\"true\" class=\"wp-block-spacer\"><\/div>\n\n\n\n<p><strong>ATTIXX<\/strong><br>Schr\u00f6ders \/\/ 20-0 Uhr \/\/ Forstweg 17<\/p>\n\n\n<div class=\"wp-block-image\">\n<figure class=\"alignleft size-full is-resized\"><img loading=\"lazy\" decoding=\"async\" width=\"500\" height=\"360\" src=\"http:\/\/bpsoundcity.de\/wp-content\/uploads\/2025\/03\/attixx_zuschnitt.jpg\" alt=\"\" class=\"wp-image-156\" style=\"width:375px;height:270px\" srcset=\"http:\/\/bpsoundcity.de\/wp-content\/uploads\/2025\/03\/attixx_zuschnitt.jpg 500w, http:\/\/bpsoundcity.de\/wp-content\/uploads\/2025\/03\/attixx_zuschnitt-300x216.jpg 300w\" sizes=\"auto, (max-width: 500px) 100vw, 500px\" \/><\/figure>\n<\/div>\n\n\n<p>Wird sind eine Rock Coverband aus H\u00f6xter. Mit der Klassischen Besetzung aus 2 Gitarren, Bass und Schlagzeug spielen wir Songs die jeder kennt aber kaum einer auf dem Zettel hat. Von 60s Rock n Roll bis Punk. Von Chuck Berry \u00fcber Police bis Foo Fighters ist f\u00fcr jeden was dabei.<\/p>\n\n\n\n<div style=\"height:25px\" aria-hidden=\"true\" class=\"wp-block-spacer\"><\/div>\n\n\n\n<p><strong>SCHWESTER STEFHARNI<\/strong><br>Pyrmonter Stadl \/\/ 19-23 Uhr \/\/ Heiligenangerstra\u00dfe 14<\/p>\n\n\n<div class=\"wp-block-image\">\n<figure class=\"alignleft size-full is-resized\"><img loading=\"lazy\" decoding=\"async\" width=\"500\" height=\"360\" src=\"http:\/\/bpsoundcity.de\/wp-content\/uploads\/2023\/08\/StefHarNi_Logo_zuschnitt.jpg\" alt=\"\" class=\"wp-image-118\" style=\"width:375px;height:270px\" srcset=\"http:\/\/bpsoundcity.de\/wp-content\/uploads\/2023\/08\/StefHarNi_Logo_zuschnitt.jpg 500w, http:\/\/bpsoundcity.de\/wp-content\/uploads\/2023\/08\/StefHarNi_Logo_zuschnitt-300x216.jpg 300w\" sizes=\"auto, (max-width: 500px) 100vw, 500px\" \/><\/figure>\n<\/div>\n\n\n<p>Steffen (Gitarre), Harry (Schlagzeug), Nico (Gitarre und Stimme) spielen sie sich querbeet durch die Rockgeschichte der letzten Jahrzehnte.<br>Von CCR \u00fcber Westernhagen bis Foo Fighters haben sie alles im Gep\u00e4ck. Mit viel Spass und Humor interpretieren sie die St\u00fccke im eigenen Stil.<\/p>\n\n\n\n<div style=\"height:25px\" aria-hidden=\"true\" class=\"wp-block-spacer\"><\/div>\n\n\n\n<p><strong>SHINE<\/strong><br>Stephan&#8217;s \/\/ 20-0 Uhr \/\/ Am Hylligen Born 16<\/p>\n\n\n<div class=\"wp-block-image\">\n<figure class=\"alignleft size-full is-resized\"><img loading=\"lazy\" decoding=\"async\" width=\"500\" height=\"360\" src=\"http:\/\/bpsoundcity.de\/wp-content\/uploads\/2026\/03\/Shine26.jpg\" alt=\"\" class=\"wp-image-161\" style=\"width:375px\" srcset=\"http:\/\/bpsoundcity.de\/wp-content\/uploads\/2026\/03\/Shine26.jpg 500w, http:\/\/bpsoundcity.de\/wp-content\/uploads\/2026\/03\/Shine26-300x216.jpg 300w\" sizes=\"auto, (max-width: 500px) 100vw, 500px\" \/><\/figure>\n<\/div>\n\n\n<p>\u201eIt\u2019s a celebration\u201c &#8211; SHINE: Acht Musiker, drei Power-Stimmen und eine Show, die jede Location in eine brodelnde Bu\u0308hne verwandelt.<\/p>\n\n\n\n<div style=\"height:25px\" aria-hidden=\"true\" class=\"wp-block-spacer\"><\/div>\n\n\n\n<p><strong>AM\/FM<\/strong><br>Stresemann \/\/ 19-23 Uhr \/\/ Friedrichstr. 7<\/p>\n\n\n<div class=\"wp-block-image\">\n<figure class=\"alignleft size-full is-resized\"><img loading=\"lazy\" decoding=\"async\" width=\"500\" height=\"360\" src=\"http:\/\/bpsoundcity.de\/wp-content\/uploads\/2022\/08\/AmFmSoundCity22.jpg\" alt=\"\" class=\"wp-image-95\" style=\"width:375px;height:270px\" srcset=\"http:\/\/bpsoundcity.de\/wp-content\/uploads\/2022\/08\/AmFmSoundCity22.jpg 500w, http:\/\/bpsoundcity.de\/wp-content\/uploads\/2022\/08\/AmFmSoundCity22-300x216.jpg 300w\" sizes=\"auto, (max-width: 500px) 100vw, 500px\" \/><\/figure>\n<\/div>\n\n\n<p>Die beiden Frontm\u00e4nner der \u00fcberregional und international gefragten Vorzeige-AC\/DC-Tribute-Band AM\/FM, bieten eine Live-Performance welche praktisch vom Original nicht mehr zu unterscheiden ist.<\/p>\n\n\n\n<div style=\"height:25px\" aria-hidden=\"true\" class=\"wp-block-spacer\"><\/div>\n\n\n\n<p><strong>JOS\u00c9 LOPEZ &amp; FRIENDS<\/strong><br>Weingalerie \/\/ 20-0 Uhr \/\/ Oesdorfer Str. 11<\/p>\n\n\n\n<div class=\"wp-block-group\"><div class=\"wp-block-group__inner-container is-layout-constrained wp-block-group-is-layout-constrained\"><div class=\"wp-block-image\">\n<figure class=\"alignleft size-full is-resized\"><img loading=\"lazy\" decoding=\"async\" width=\"375\" height=\"270\" src=\"http:\/\/bpsoundcity.de\/wp-content\/uploads\/2025\/03\/JoseLopez.jpg\" alt=\"\" class=\"wp-image-146\" style=\"width:375px;height:270px\" srcset=\"http:\/\/bpsoundcity.de\/wp-content\/uploads\/2025\/03\/JoseLopez.jpg 375w, http:\/\/bpsoundcity.de\/wp-content\/uploads\/2025\/03\/JoseLopez-300x216.jpg 300w\" sizes=\"auto, (max-width: 375px) 100vw, 375px\" \/><\/figure>\n<\/div>\n\n\n<p>Eine Mischung aus Salsa, Son, Bolero und spanischen Kl\u00e4ngen voller mitrei\u00dfender Rhythmen und leidenschaftlicher Melodien, gew\u00fcrzt mit dem Charme der Gypsy Kings.<\/p>\n<\/div><\/div>\n\n\n\n<div style=\"height:25px\" aria-hidden=\"true\" class=\"wp-block-spacer\"><\/div>\n\n\n\n<p><strong>THE GERMAN AND THE SCOTCH<\/strong><br>BARROCK \/\/ 20-0 Uhr \/\/ Schillerstr. 5<\/p>\n\n\n\n<div class=\"wp-block-group\"><div class=\"wp-block-group__inner-container is-layout-constrained wp-block-group-is-layout-constrained\"><div class=\"wp-block-image\">\n<figure class=\"alignleft size-full is-resized\"><img loading=\"lazy\" decoding=\"async\" width=\"500\" height=\"360\" src=\"http:\/\/bpsoundcity.de\/wp-content\/uploads\/2026\/03\/GermanScotch26.jpg\" alt=\"\" class=\"wp-image-163\" style=\"width:375px;height:270px\" srcset=\"http:\/\/bpsoundcity.de\/wp-content\/uploads\/2026\/03\/GermanScotch26.jpg 500w, http:\/\/bpsoundcity.de\/wp-content\/uploads\/2026\/03\/GermanScotch26-300x216.jpg 300w\" sizes=\"auto, (max-width: 500px) 100vw, 500px\" \/><\/figure>\n<\/div>\n\n\n<p>2 Gitarren, 2 Stimmen, die beiden sollte man nicht verpassen. Mit ihrer live Performance und mitrei\u00dfendem Entertainment erzeugen die Auftritte von den beiden immer den Wunsch nach mehr.<\/p>\n<\/div><\/div>\n\n\n\n<div style=\"height:25px\" aria-hidden=\"true\" class=\"wp-block-spacer\"><\/div>\n\n\n\n<p><strong>ROCK DJ-SET<\/strong><br>Schlossweinstuben 2.0 \/\/ 22-03 Uhr \/\/ Schlo\u00dfstr. 7<\/p>\n\n\n\n<div class=\"wp-block-group\"><div class=\"wp-block-group__inner-container is-layout-constrained wp-block-group-is-layout-constrained\"><div class=\"wp-block-image\">\n<figure class=\"alignleft size-full is-resized\"><img loading=\"lazy\" decoding=\"async\" width=\"500\" height=\"360\" src=\"http:\/\/bpsoundcity.de\/wp-content\/uploads\/2026\/03\/DJSet26.jpg\" alt=\"\" class=\"wp-image-164\" style=\"width:375px;height:270px\" srcset=\"http:\/\/bpsoundcity.de\/wp-content\/uploads\/2026\/03\/DJSet26.jpg 500w, http:\/\/bpsoundcity.de\/wp-content\/uploads\/2026\/03\/DJSet26-300x216.jpg 300w\" sizes=\"auto, (max-width: 500px) 100vw, 500px\" \/><\/figure>\n<\/div>\n\n\n<p>Freut euch auf einen kraftvollen Rock-DJ Mix, der keine Wu\u0308nsche offen l\u00e4sst und fu\u0308r beste Stimmung sorgt. Laut, leidenschaftlich und garantiert nicht leise \u2013 das wird Rock pur!<\/p>\n<\/div><\/div>\n\n\n\n<div style=\"height:100px\" aria-hidden=\"true\" class=\"wp-block-spacer\"><\/div>\n\n\n\n<hr class=\"wp-block-separator has-alpha-channel-opacity\"\/>\n\n\n\n<figure class=\"wp-block-image size-full\"><img loading=\"lazy\" decoding=\"async\" width=\"820\" height=\"92\" src=\"http:\/\/bpsoundcity.de\/wp-content\/uploads\/2025\/03\/sponsoren25.jpg\" alt=\"\" class=\"wp-image-150\" srcset=\"http:\/\/bpsoundcity.de\/wp-content\/uploads\/2025\/03\/sponsoren25.jpg 820w, http:\/\/bpsoundcity.de\/wp-content\/uploads\/2025\/03\/sponsoren25-300x34.jpg 300w, http:\/\/bpsoundcity.de\/wp-content\/uploads\/2025\/03\/sponsoren25-768x86.jpg 768w\" sizes=\"auto, (max-width: 820px) 100vw, 820px\" \/><\/figure>\n","protected":false},"excerpt":{"rendered":"<p>SOLARISJ\u00e4gerlatein \/\/ 21-01 Uhr \/\/ Kirchstra\u00dfe 22 SOLARIS l\u00e4sst die Sonne im Herzen all jener aufgehen, die sich f\u00fcr klassischen handgemachten Coverrock der letzten vier Jahrzehnte begeistern k\u00f6nnen. Die f\u00fcnfk\u00f6pfige Formation begeistert mit einem abwechslungsreichen Repertoire, mehrstimmigen Gesang und mitrei\u00dfendem Sound. ATTIXXSchr\u00f6ders \/\/ 20-0 Uhr \/\/ Forstweg 17 Wird sind eine Rock Coverband aus H\u00f6xter.<a class=\"more-link\" href=\"http:\/\/bpsoundcity.de\/?page_id=18\"><span class=\"screen-reader-text\">&#8222;Programm&#8220;<\/span> weiterlesen<\/a><\/p>\n","protected":false},"author":1,"featured_media":0,"parent":0,"menu_order":0,"comment_status":"closed","ping_status":"closed","template":"","meta":{"footnotes":""},"class_list":["post-18","page","type-page","status-publish","hentry","entry"],"_links":{"self":[{"href":"http:\/\/bpsoundcity.de\/index.php?rest_route=\/wp\/v2\/pages\/18","targetHints":{"allow":["GET"]}}],"collection":[{"href":"http:\/\/bpsoundcity.de\/index.php?rest_route=\/wp\/v2\/pages"}],"about":[{"href":"http:\/\/bpsoundcity.de\/index.php?rest_route=\/wp\/v2\/types\/page"}],"author":[{"embeddable":true,"href":"http:\/\/bpsoundcity.de\/index.php?rest_route=\/wp\/v2\/users\/1"}],"replies":[{"embeddable":true,"href":"http:\/\/bpsoundcity.de\/index.php?rest_route=%2Fwp%2Fv2%2Fcomments&post=18"}],"version-history":[{"count":22,"href":"http:\/\/bpsoundcity.de\/index.php?rest_route=\/wp\/v2\/pages\/18\/revisions"}],"predecessor-version":[{"id":165,"href":"http:\/\/bpsoundcity.de\/index.php?rest_route=\/wp\/v2\/pages\/18\/revisions\/165"}],"wp:attachment":[{"href":"http:\/\/bpsoundcity.de\/index.php?rest_route=%2Fwp%2Fv2%2Fmedia&parent=18"}],"curies":[{"name":"wp","href":"https:\/\/api.w.org\/{rel}","templated":true}]}}