{"id":14,"date":"2022-07-11T11:04:03","date_gmt":"2022-07-11T09:04:03","guid":{"rendered":"http:\/\/wp.bpsoundcity.de\/?page_id=14"},"modified":"2026-03-01T17:47:43","modified_gmt":"2026-03-01T16:47:43","slug":"home","status":"publish","type":"page","link":"http:\/\/bpsoundcity.de\/","title":{"rendered":""},"content":{"rendered":"\n<figure class=\"wp-block-image alignwide size-large\"><img loading=\"lazy\" decoding=\"async\" width=\"1024\" height=\"683\" src=\"http:\/\/bpsoundcity.de\/wp-content\/uploads\/2026\/03\/SoundCity_HeaderHomepage_1800x1200px_2026-1024x683.jpg\" alt=\"\" class=\"wp-image-168\" srcset=\"http:\/\/bpsoundcity.de\/wp-content\/uploads\/2026\/03\/SoundCity_HeaderHomepage_1800x1200px_2026-1024x683.jpg 1024w, http:\/\/bpsoundcity.de\/wp-content\/uploads\/2026\/03\/SoundCity_HeaderHomepage_1800x1200px_2026-300x200.jpg 300w, http:\/\/bpsoundcity.de\/wp-content\/uploads\/2026\/03\/SoundCity_HeaderHomepage_1800x1200px_2026-768x512.jpg 768w, http:\/\/bpsoundcity.de\/wp-content\/uploads\/2026\/03\/SoundCity_HeaderHomepage_1800x1200px_2026-1536x1024.jpg 1536w, http:\/\/bpsoundcity.de\/wp-content\/uploads\/2026\/03\/SoundCity_HeaderHomepage_1800x1200px_2026-1568x1045.jpg 1568w, http:\/\/bpsoundcity.de\/wp-content\/uploads\/2026\/03\/SoundCity_HeaderHomepage_1800x1200px_2026.jpg 1800w\" sizes=\"auto, (max-width: 1024px) 100vw, 1024px\" \/><\/figure>\n\n\n\n<div style=\"height:30px\" aria-hidden=\"true\" class=\"wp-block-spacer\"><\/div>\n\n\n\n<h2 class=\"wp-block-heading\">Was ist SoundCity?<\/h2>\n\n\n\n<p>Am 10. April spielen in vielen Lokalen Live-Musiker und Bands der verschiedenen Musikrichtungen.<br>Die Musiker spielen an diesem Abend vier Stunden Covermusik aus Pop, Rock, Rock\u2018n\u2018Roll, Funk, Soul, Party- und Chartsmusik.<br>Die Besucher bezahlen einmal Eintritt und haben dann Zutritt zu allen teilnehmenden Lokalen. Einlass ist jeweils eine Stunde vor Musikbeginn.<\/p>\n\n\n\n<div style=\"height:30px\" aria-hidden=\"true\" class=\"wp-block-spacer\"><\/div>\n\n\n\n<h2 class=\"wp-block-heading\">Vorverkauf<\/h2>\n\n\n\n<p><strong>Tickets erhalten Sie an folgeden Vorverkaufsstellen: <\/strong><br>Stadtsparkasse Bad Pyrmont, Brunnenstr. 2<br>Modehaus Schwager Bad Pyrmont, Brunnenstr. 11<br>Tankstelle Huddelbusch, Bahnhofstra\u00dfe 64<br>BarRock, Schillerstr. 5<br>Stresemann, Friedrichstr. 7<br>Stephan\u2018s, Am Hylligen Born 16<br>Schr\u00f6ders, Forstweg 17<br>Pyrmonter Stadl, Heiligenangerstra\u00dfe 14<br>Weingalerie, Oesdorfer Str. 11<br>Schlossweinstuben 2.0, Schlo\u00dfstr. 7<br>J\u00e4gerlatein, Kirchstra\u00dfe 22<\/p>\n\n\n\n<div style=\"height:30px\" aria-hidden=\"true\" class=\"wp-block-spacer\"><\/div>\n\n\n\n<h2 class=\"wp-block-heading\">Einlass &amp; Beginn<\/h2>\n\n\n\n<p>Der Einlass in den teilnehmenden Lokalen beginnt jeweils eine Stunde vor Musikbeginn.<br>Die Musiker und Bands spielen ihr Programm mit 4&#215;45 Minuten L\u00e4nge.<\/p>\n\n\n\n<div style=\"height:100px\" aria-hidden=\"true\" class=\"wp-block-spacer\"><\/div>\n\n\n\n<hr class=\"wp-block-separator has-alpha-channel-opacity\"\/>\n\n\n\n<figure class=\"wp-block-image size-full\"><img loading=\"lazy\" decoding=\"async\" width=\"820\" height=\"92\" src=\"http:\/\/bpsoundcity.de\/wp-content\/uploads\/2025\/03\/sponsoren25.jpg\" alt=\"\" class=\"wp-image-150\" srcset=\"http:\/\/bpsoundcity.de\/wp-content\/uploads\/2025\/03\/sponsoren25.jpg 820w, http:\/\/bpsoundcity.de\/wp-content\/uploads\/2025\/03\/sponsoren25-300x34.jpg 300w, http:\/\/bpsoundcity.de\/wp-content\/uploads\/2025\/03\/sponsoren25-768x86.jpg 768w\" sizes=\"auto, (max-width: 820px) 100vw, 820px\" \/><\/figure>\n","protected":false},"excerpt":{"rendered":"<p>Was ist SoundCity? Am 10. April spielen in vielen Lokalen Live-Musiker und Bands der verschiedenen Musikrichtungen.Die Musiker spielen an diesem Abend vier Stunden Covermusik aus Pop, Rock, Rock\u2018n\u2018Roll, Funk, Soul, Party- und Chartsmusik.Die Besucher bezahlen einmal Eintritt und haben dann Zutritt zu allen teilnehmenden Lokalen. Einlass ist jeweils eine Stunde vor Musikbeginn. Vorverkauf Tickets erhalten<a class=\"more-link\" href=\"http:\/\/bpsoundcity.de\/\"> weiterlesen<\/a><\/p>\n","protected":false},"author":1,"featured_media":0,"parent":0,"menu_order":0,"comment_status":"closed","ping_status":"closed","template":"","meta":{"footnotes":""},"class_list":["post-14","page","type-page","status-publish","hentry","entry"],"_links":{"self":[{"href":"http:\/\/bpsoundcity.de\/index.php?rest_route=\/wp\/v2\/pages\/14","targetHints":{"allow":["GET"]}}],"collection":[{"href":"http:\/\/bpsoundcity.de\/index.php?rest_route=\/wp\/v2\/pages"}],"about":[{"href":"http:\/\/bpsoundcity.de\/index.php?rest_route=\/wp\/v2\/types\/page"}],"author":[{"embeddable":true,"href":"http:\/\/bpsoundcity.de\/index.php?rest_route=\/wp\/v2\/users\/1"}],"replies":[{"embeddable":true,"href":"http:\/\/bpsoundcity.de\/index.php?rest_route=%2Fwp%2Fv2%2Fcomments&post=14"}],"version-history":[{"count":31,"href":"http:\/\/bpsoundcity.de\/index.php?rest_route=\/wp\/v2\/pages\/14\/revisions"}],"predecessor-version":[{"id":169,"href":"http:\/\/bpsoundcity.de\/index.php?rest_route=\/wp\/v2\/pages\/14\/revisions\/169"}],"wp:attachment":[{"href":"http:\/\/bpsoundcity.de\/index.php?rest_route=%2Fwp%2Fv2%2Fmedia&parent=14"}],"curies":[{"name":"wp","href":"https:\/\/api.w.org\/{rel}","templated":true}]}}